{"id":126,"date":"2017-07-22T15:40:33","date_gmt":"2017-07-22T15:40:33","guid":{"rendered":"http:\/\/blogs.rhrk.uni-kl.de\/urban-emotions\/?page_id=126"},"modified":"2017-07-22T15:41:06","modified_gmt":"2017-07-22T15:41:06","slug":"dasprojekt","status":"publish","type":"page","link":"http:\/\/urban-emotions.com\/?page_id=126","title":{"rendered":"Das Projekt"},"content":{"rendered":"<p style=\"text-align: justify;\"><a href=\"http:\/\/blogs.rhrk.uni-kl.de\/urban-emotions\/wp-content\/uploads\/sites\/15\/2015\/10\/ue_grafik_vertikal1.png\"><img loading=\"lazy\" decoding=\"async\" class=\"aligncenter wp-image-177 size-full\" src=\"http:\/\/blogs.rhrk.uni-kl.de\/urban-emotions\/wp-content\/uploads\/sites\/15\/2015\/10\/ue_grafik_vertikal1.png\" alt=\"ue_grafik_vertikal\" width=\"1400\" height=\"2431\" srcset=\"http:\/\/urban-emotions.com\/wp-content\/uploads\/2015\/10\/ue_grafik_vertikal1.png 1400w, http:\/\/urban-emotions.com\/wp-content\/uploads\/2015\/10\/ue_grafik_vertikal1-173x300.png 173w, http:\/\/urban-emotions.com\/wp-content\/uploads\/2015\/10\/ue_grafik_vertikal1-768x1334.png 768w, http:\/\/urban-emotions.com\/wp-content\/uploads\/2015\/10\/ue_grafik_vertikal1-590x1024.png 590w\" sizes=\"auto, (max-width: 1400px) 100vw, 1400px\" \/><\/a><\/p>\n<p style=\"text-align: justify;\">Die r\u00e4umlichen und sozialen Strukturen einer Stadt wie z.B. Geb\u00e4ude, Verkehrs-Infrastruktur, Parkanlagen ebenso wie die Dynamik der damit verbundenen menschlichen Aktivit\u00e4ten und zugrundeliegenden Prozesse k\u00f6nnen, als menschliche Reaktion auf derartige urbane Kontexte, unterschiedliche kollektive aber auch individuelle menschliche Empfindungen ausl\u00f6sen. Die Ber\u00fccksichtigung solcher Emotionen in b\u00fcrgerzentrierten r\u00e4umplanerischen Prozessen ist eine gro\u00dfe Herausforderung um das sich grundlegend \u00e4ndernde Planungsverst\u00e4ndnis in einer Netzwerkgesellschaft formgebend mitzugestalten.<\/p>\n<p style=\"text-align: justify;\">Ziel des Urban Emotion Projektes ist es die Entwicklungstendenzen der Echtzeit-Humansensorik und Crowdsourcing-Ans\u00e4tzen in sozialen Netzwerken f\u00fcr die Extraktion von kontextueller Emotionsinformation zur Entscheidungsunterst\u00fctzung in der r\u00e4umlichen Planung zu analysieren und als neue Methodik f\u00fcr Stadt- und Raumplanung weiter zu entwickeln. Diese Methodik umfasst unter anderem die Korrelation zwischen aus psycho-physiologischen Smartband-Sensormessungen extrahierten Emotionen (<q>People as Sensors<\/q>), und verschiedenen VGI-Datenbest\u00e4nden (Twitter, Instagram, Flickr, etc.). Hierbei wird insbesondere auf die Themen\u00a0<q>Datenschutz<\/q>\u00a0und\u00a0<q>Umgang mit personenbezogenen Daten<\/q>\u00a0eingegangen.<\/p>\n<p style=\"text-align: justify;\">Die Forschungsergebnisse von Urban Emotions werden neue und zus\u00e4tzliche Einblicke in das komplexe Wirkungsgef\u00fcge Mensch-Sensor-Stadt (Raum) geben. Diese Einblicke werden durch neuartige Techniken zur Visualisierung der analysierten Daten und deren Aufbereitung f\u00fcr Prozesse der Stadtplanung zur Validierung von bisherigen planerischen Ma\u00dfnahmen erm\u00f6glicht. Dies wird am Beispiel der St\u00e4dte Heidelberg, Kaiserslautern und Boston (USA) demonstriert. Planungspraktiker erhalten eine entsprechende Methoden\u00fcbersicht welche als zus\u00e4tzliche Handlungsempfehlung verwendet werden kann.<\/p>\n<p style=\"text-align: justify;\"><strong>Gef\u00f6rdert von der Deutschen Forschungsgemeinschaft<br \/>\n<\/strong><\/p>\n<p style=\"text-align: justify;\"><a href=\"http:\/\/www.dfg.de\/\"><img loading=\"lazy\" decoding=\"async\" class=\"alignnone wp-image-47 size-medium\" src=\"http:\/\/blogs.rhrk.uni-kl.de\/urban-emotions\/wp-content\/uploads\/sites\/15\/2015\/01\/dfg_logo_schriftzug_blau_org-300x38.jpg\" alt=\"dfg_logo_schriftzug_blau_org\" width=\"300\" height=\"38\" srcset=\"http:\/\/urban-emotions.com\/wp-content\/uploads\/2015\/01\/dfg_logo_schriftzug_blau_org-300x38.jpg 300w, http:\/\/urban-emotions.com\/wp-content\/uploads\/2015\/01\/dfg_logo_schriftzug_blau_org-768x98.jpg 768w, http:\/\/urban-emotions.com\/wp-content\/uploads\/2015\/01\/dfg_logo_schriftzug_blau_org-1024x131.jpg 1024w, http:\/\/urban-emotions.com\/wp-content\/uploads\/2015\/01\/dfg_logo_schriftzug_blau_org.jpg 1057w\" sizes=\"auto, (max-width: 300px) 100vw, 300px\" \/><\/a><\/p>\n<p><span style=\"border-top-left-radius: 2px; border-top-right-radius: 2px; border-bottom-right-radius: 2px; border-bottom-left-radius: 2px; text-indent: 20px; width: auto; padding: 0px 4px 0px 0px; text-align: center; font-style: normal; font-variant-caps: normal; font-weight: bold; font-size: 11px; line-height: 20px; font-family: 'Helvetica Neue', Helvetica, sans-serif; color: #ffffff; background-image: url(data:image\/svg+xml; base64,phn2zyb4bwxucz0iahr0cdovl3d3dy53my5vcmcvmjawmc9zdmciighlawdodd0imzbwecigd2lkdgg9ijmwchgiihzpzxdcb3g9ii0xic0xidmxidmxij48zz48cgf0acbkpsjnmjkundq5lde0ljy2mibdmjkundq5ldiyljcymiaymi44njgsmjkumju2ide0ljc1ldi5lji1nibdni42mzismjkumju2idaumduxldiyljcymiawlja1mswxnc42njigqzaumduxldyunjaxidyunjmyldaumdy3ide0ljc1ldaumdy3iemymi44njgsmc4wnjcgmjkundq5ldyunjaxidi5ljq0oswxnc42njiiigzpbgw9iinmzmyiihn0cm9rzt0ii2zmziigc3ryb2tllxdpzhropsixij48l3bhdgg+phbhdgggzd0itte0ljczmywxljy4nibdny41mtysms42odygms42njusny40otugms42njusmtqunjyyiemxljy2nswymc4xntkgns4xmdksmjquodu0idkuotcsmjyunzq0iem5ljg1niwyns43mtggos43ntmsmjqumtqzidewljaxniwymy4wmjigqzewlji1mywymi4wmsaxms41ndgsmtyuntcyidexlju0ocwxni41nzigqzexlju0ocwxni41nzigmteumtu3lde1ljc5nsaxms4xntcsmtqunjq2iemxms4xntcsmtiuodqyideyljixmswxms40otugmtmuntiyldexljq5nsbdmtqunjm3ldexljq5nsaxns4xnzusmtiumzi2ide1lje3nswxmy4zmjmgqze1lje3nswxnc40mzygmtqundyylde2ljegmtqumdkzlde3ljy0mybdmtmunzg1lde4ljkznsaxnc43ndusmtkuotg4ide2ljayocwxos45odggqze4ljm1mswxos45odggmjaumtm2lde3lju1niaymc4xmzysmtqumdq2iemymc4xmzysmtauotm5ide3ljg4ocw4ljc2nyaxnc42nzgsoc43njcgqzewljk1osw4ljc2nya4ljc3nywxms41mzygoc43nzcsmtqumzk4iem4ljc3nywxns41mtmgos4ymswxni43mdkgos43ndksmtcumzu5iem5ljg1niwxny40odggos44nzismtcunia5ljg0lde3ljczmsbdos43ndesmtgumtqxidkuntismtkumdizidkundc3lde5ljiwmybdos40miwxos40nca5lji4ocwxos40otegos4wncwxos4znzygqzcunda4lde4ljyymia2ljm4nywxni4yntigni4zodcsmtqumzq5iem2ljm4nywxmc4yntygos4zodmsni40otcgmtuumdiyldyundk3iemxos41ntusni40otcgmjmumdc4ldkunza1idizlja3ocwxmy45otegqzizlja3ocwxoc40njmgmjaumjm5ldiylja2miaxni4yotcsmjiumdyyiemxnc45nzmsmjiumdyyidezljcyocwyms4znzkgmtmumzayldiwlju3mibdmtmumzayldiwlju3miaxmi42ndcsmjmumdugmtiundg4ldizljy1nybdmtiumtkzldi0ljc4ncaxms4zotysmjyumtk2idewljg2mywyny4wntggqzeylja4niwyny40mzqgmtmumzg2ldi3ljyznyaxnc43mzmsmjcunjm3iemyms45nswyny42mzcgmjcuodaxldixljgyocayny44mdesmtqunjyyiemyny44mdesny40otugmjeuotusms42odygmtqunzmzldeunjg2iibmawxspsijymqwodfjij48l3bhdgg+pc9npjwvc3znpg==); background-color: #bd081c; background-size: 14px; position: absolute; opacity: 1; z-index: 8675309; display: none; cursor: pointer; border: none; -webkit-font-smoothing: antialiased; background-position: 3px 50%; background-repeat: no-repeat no-repeat;\">Merken<\/span><span style=\"border-top-left-radius: 2px; border-top-right-radius: 2px; border-bottom-right-radius: 2px; border-bottom-left-radius: 2px; text-indent: 20px; width: auto; padding: 0px 4px 0px 0px; text-align: center; font-style: normal; font-variant-caps: normal; font-weight: bold; font-size: 11px; line-height: 20px; font-family: 'Helvetica Neue', Helvetica, sans-serif; color: #ffffff; background-image: url(data:image\/svg+xml; base64,phn2zyb4bwxucz0iahr0cdovl3d3dy53my5vcmcvmjawmc9zdmciighlawdodd0imzbwecigd2lkdgg9ijmwchgiihzpzxdcb3g9ii0xic0xidmxidmxij48zz48cgf0acbkpsjnmjkundq5lde0ljy2mibdmjkundq5ldiyljcymiaymi44njgsmjkumju2ide0ljc1ldi5lji1nibdni42mzismjkumju2idaumduxldiyljcymiawlja1mswxnc42njigqzaumduxldyunjaxidyunjmyldaumdy3ide0ljc1ldaumdy3iemymi44njgsmc4wnjcgmjkundq5ldyunjaxidi5ljq0oswxnc42njiiigzpbgw9iinmzmyiihn0cm9rzt0ii2zmziigc3ryb2tllxdpzhropsixij48l3bhdgg+phbhdgggzd0itte0ljczmywxljy4nibdny41mtysms42odygms42njusny40otugms42njusmtqunjyyiemxljy2nswymc4xntkgns4xmdksmjquodu0idkuotcsmjyunzq0iem5ljg1niwyns43mtggos43ntmsmjqumtqzidewljaxniwymy4wmjigqzewlji1mywymi4wmsaxms41ndgsmtyuntcyidexlju0ocwxni41nzigqzexlju0ocwxni41nzigmteumtu3lde1ljc5nsaxms4xntcsmtqunjq2iemxms4xntcsmtiuodqyideyljixmswxms40otugmtmuntiyldexljq5nsbdmtqunjm3ldexljq5nsaxns4xnzusmtiumzi2ide1lje3nswxmy4zmjmgqze1lje3nswxnc40mzygmtqundyylde2ljegmtqumdkzlde3ljy0mybdmtmunzg1lde4ljkznsaxnc43ndusmtkuotg4ide2ljayocwxos45odggqze4ljm1mswxos45odggmjaumtm2lde3lju1niaymc4xmzysmtqumdq2iemymc4xmzysmtauotm5ide3ljg4ocw4ljc2nyaxnc42nzgsoc43njcgqzewljk1osw4ljc2nya4ljc3nywxms41mzygoc43nzcsmtqumzk4iem4ljc3nywxns41mtmgos4ymswxni43mdkgos43ndksmtcumzu5iem5ljg1niwxny40odggos44nzismtcunia5ljg0lde3ljczmsbdos43ndesmtgumtqxidkuntismtkumdizidkundc3lde5ljiwmybdos40miwxos40nca5lji4ocwxos40otegos4wncwxos4znzygqzcunda4lde4ljyymia2ljm4nywxni4yntigni4zodcsmtqumzq5iem2ljm4nywxmc4yntygos4zodmsni40otcgmtuumdiyldyundk3iemxos41ntusni40otcgmjmumdc4ldkunza1idizlja3ocwxmy45otegqzizlja3ocwxoc40njmgmjaumjm5ldiylja2miaxni4yotcsmjiumdyyiemxnc45nzmsmjiumdyyidezljcyocwyms4znzkgmtmumzayldiwlju3mibdmtmumzayldiwlju3miaxmi42ndcsmjmumdugmtiundg4ldizljy1nybdmtiumtkzldi0ljc4ncaxms4zotysmjyumtk2idewljg2mywyny4wntggqzeylja4niwyny40mzqgmtmumzg2ldi3ljyznyaxnc43mzmsmjcunjm3iemyms45nswyny42mzcgmjcuodaxldixljgyocayny44mdesmtqunjyyiemyny44mdesny40otugmjeuotusms42odygmtqunzmzldeunjg2iibmawxspsijymqwodfjij48l3bhdgg+pc9npjwvc3znpg==); background-color: #bd081c; background-size: 14px; position: absolute; opacity: 1; z-index: 8675309; display: none; cursor: pointer; border: none; -webkit-font-smoothing: antialiased; background-position: 3px 50%; background-repeat: no-repeat no-repeat;\">Merken<\/span><\/p>\n","protected":false},"excerpt":{"rendered":"<p>Die r\u00e4umlichen und sozialen Strukturen einer Stadt wie z.B. Geb\u00e4ude, Verkehrs-Infrastruktur, Parkanlagen ebenso wie die Dynamik der damit verbundenen menschlichen Aktivit\u00e4ten und zugrundeliegenden Prozesse k\u00f6nnen, als menschliche Reaktion auf derartige urbane Kontexte, unterschiedliche kollektive aber auch individuelle menschliche Empfindungen ausl\u00f6sen. Die Ber\u00fccksichtigung solcher Emotionen in b\u00fcrgerzentrierten r\u00e4umplanerischen Prozessen ist eine [&hellip;]<\/p>\n","protected":false},"author":2,"featured_media":0,"parent":0,"menu_order":0,"comment_status":"closed","ping_status":"closed","template":"page-templates\/page_fullwidth.php","meta":{"footnotes":""},"class_list":["post-126","page","type-page","status-publish","hentry"],"_links":{"self":[{"href":"http:\/\/urban-emotions.com\/index.php?rest_route=\/wp\/v2\/pages\/126","targetHints":{"allow":["GET"]}}],"collection":[{"href":"http:\/\/urban-emotions.com\/index.php?rest_route=\/wp\/v2\/pages"}],"about":[{"href":"http:\/\/urban-emotions.com\/index.php?rest_route=\/wp\/v2\/types\/page"}],"author":[{"embeddable":true,"href":"http:\/\/urban-emotions.com\/index.php?rest_route=\/wp\/v2\/users\/2"}],"replies":[{"embeddable":true,"href":"http:\/\/urban-emotions.com\/index.php?rest_route=%2Fwp%2Fv2%2Fcomments&post=126"}],"version-history":[{"count":1,"href":"http:\/\/urban-emotions.com\/index.php?rest_route=\/wp\/v2\/pages\/126\/revisions"}],"predecessor-version":[{"id":446,"href":"http:\/\/urban-emotions.com\/index.php?rest_route=\/wp\/v2\/pages\/126\/revisions\/446"}],"wp:attachment":[{"href":"http:\/\/urban-emotions.com\/index.php?rest_route=%2Fwp%2Fv2%2Fmedia&parent=126"}],"curies":[{"name":"wp","href":"https:\/\/api.w.org\/{rel}","templated":true}]}}