{"id":22,"date":"2015-01-20T10:34:07","date_gmt":"2015-01-20T10:34:07","guid":{"rendered":"http:\/\/blogs.rhrk.uni-kl.de\/urban-emotions\/?page_id=22"},"modified":"2018-10-08T10:19:27","modified_gmt":"2018-10-08T10:19:27","slug":"projektpartner","status":"publish","type":"page","link":"http:\/\/urban-emotions.com\/?page_id=22","title":{"rendered":"Projektpartner"},"content":{"rendered":"<p><strong><img loading=\"lazy\" decoding=\"async\" class=\" wp-image-349 alignleft\" src=\"http:\/\/urban-emotions.com\/wp-content\/uploads\/2015\/01\/Logo_KIT.svg_-300x150.png\" alt=\"\" width=\"284\" height=\"142\" srcset=\"http:\/\/urban-emotions.com\/wp-content\/uploads\/2015\/01\/Logo_KIT.svg_-300x150.png 300w, http:\/\/urban-emotions.com\/wp-content\/uploads\/2015\/01\/Logo_KIT.svg_-768x384.png 768w, http:\/\/urban-emotions.com\/wp-content\/uploads\/2015\/01\/Logo_KIT.svg_-1024x512.png 1024w, http:\/\/urban-emotions.com\/wp-content\/uploads\/2015\/01\/Logo_KIT.svg_-520x260.png 520w, http:\/\/urban-emotions.com\/wp-content\/uploads\/2015\/01\/Logo_KIT.svg_-740x370.png 740w, http:\/\/urban-emotions.com\/wp-content\/uploads\/2015\/01\/Logo_KIT.svg_.png 2000w\" sizes=\"auto, (max-width: 284px) 100vw, 284px\" \/><\/strong><\/p>\n<p><strong>Karlsruher Institut f\u00fcr Technologie (KIT)<\/strong><\/p>\n<p><a href=\"http:\/\/stqp.iesl.kit.edu\/93.php\">Dr. Peter Zeile<\/a><br \/>\nInstitut Entwerfen von Stadt und Landschaft<br \/>\n<a href=\"http:\/\/stqp.iesl.kit.edu\/\">Fachgebiet Stadtquartiersplanung<\/a><br \/>\n<strong><br \/>\n<\/strong><\/p>\n<p>&nbsp;<\/p>\n<p><a href=\"http:\/\/www.geog.uni-heidelberg.de\/gis\/index_en.html\"><img loading=\"lazy\" decoding=\"async\" class=\"alignleft wp-image-51\" src=\"http:\/\/blogs.rhrk.uni-kl.de\/urban-emotions\/wp-content\/uploads\/sites\/15\/2015\/01\/giscience_logo-300x102.jpg\" alt=\"giscience_logo\" width=\"290\" height=\"99\" srcset=\"http:\/\/urban-emotions.com\/wp-content\/uploads\/2015\/01\/giscience_logo-300x102.jpg 300w, http:\/\/urban-emotions.com\/wp-content\/uploads\/2015\/01\/giscience_logo.jpg 361w\" sizes=\"auto, (max-width: 290px) 100vw, 290px\" \/><\/a><\/p>\n<p><strong>GIScience,&nbsp;Universit\u00e4t Heidelberg<br \/>\n<\/strong><a href=\"http:\/\/www.geog.uni-heidelberg.de\/personen\/gis_resch_en.html\" target=\"_blank\" rel=\"noopener noreferrer\">Dr.&nbsp;Bernd Resch<\/a><\/p>\n<p>&nbsp;<\/p>\n<p>&nbsp;<\/p>\n<p><a href=\"http:\/\/blogs.rhrk.uni-kl.de\/urban-emotions\/wp-content\/uploads\/sites\/15\/2015\/01\/salzburg.gif\"><img loading=\"lazy\" decoding=\"async\" class=\"wp-image-322 alignleft\" src=\"http:\/\/blogs.rhrk.uni-kl.de\/urban-emotions\/wp-content\/uploads\/sites\/15\/2015\/01\/salzburg.gif\" alt=\"salzburg\" width=\"308\" height=\"81\"><\/a><strong>ZGIS_Universit\u00e4t Salzburg<\/strong><\/p>\n<p><a href=\"http:\/\/www.uni-salzburg.at\/index.php?id=67145&amp;L=1\">Ass.-Prof. Dr. Bernd Resch<\/a><\/p>\n<p><a href=\"https:\/\/www.uni-salzburg.at\/index.php?id=147&amp;L=1\">Interfakult\u00e4rer Fachbereich f\u00fcr Geoinformatik<\/a><\/p>\n<p>&nbsp;<\/p>\n<p>&nbsp;<\/p>\n<p><strong><img loading=\"lazy\" decoding=\"async\" class=\"image-preview js-image-preview alignleft\" src=\"https:\/\/images.ecosia.org\/VQngYTwOO16nSAGDLdW6DadllBA=\/0x390\/smart\/https%3A%2F%2Fwww.tuwien.ac.at%2Ffileadmin%2Ft%2Ftuwien%2Fdownloads%2Fcd%2FCD_NEU_2009%2FTU_Logos_2009%2FTU-Signet.png\" alt=\"Technische Universit\u00e4t Wien : TU Logo\" data-src=\"https:\/\/images.ecosia.org\/VQngYTwOO16nSAGDLdW6DadllBA=\/0x390\/smart\/https%3A%2F%2Fwww.tuwien.ac.at%2Ffileadmin%2Ft%2Ftuwien%2Fdownloads%2Fcd%2FCD_NEU_2009%2FTU_Logos_2009%2FTU-Signet.png\" width=\"117\" height=\"98\">Technische Universit\u00e4t Wien<\/strong><\/p>\n<p><a href=\"http:\/\/info.tuwien.ac.at\/ivs\/homepage\/index.php\">Fachbereich f\u00fcr Verkehrssystemplanung<\/a><\/p>\n<p>&nbsp;<\/p>\n<p>&nbsp;<\/p>\n<p>&nbsp;<\/p>\n<p><img loading=\"lazy\" decoding=\"async\" class=\"image-preview js-image-preview alignleft\" src=\"https:\/\/images.ecosia.org\/4iuMdq9w2dQAihVU8PYFrYqDcug=\/0x390\/smart\/https%3A%2F%2Fupload.wikimedia.org%2Fwikipedia%2Fen%2Fthumb%2F7%2F70%2FHarvard_University_logo.svg%2F1280px-Harvard_University_logo.svg.png\" alt=\"File:Harvard University logo.svg - Wikipedia\" data-src=\"https:\/\/images.ecosia.org\/4iuMdq9w2dQAihVU8PYFrYqDcug=\/0x390\/smart\/https%3A%2F%2Fupload.wikimedia.org%2Fwikipedia%2Fen%2Fthumb%2F7%2F70%2FHarvard_University_logo.svg%2F1280px-Harvard_University_logo.svg.png\" width=\"272\" height=\"80\"><\/p>\n<p><strong>Harvard University<\/strong><\/p>\n<p><a href=\"https:\/\/gis.harvard.edu\/\">Center for Geographic Analysis<\/a><\/p>\n<p>&nbsp;<\/p>\n<p>&nbsp;<\/p>\n<p><img loading=\"lazy\" decoding=\"async\" class=\"image-preview js-image-preview alignleft\" src=\"https:\/\/images.ecosia.org\/Kvn9NrdpBGY9iJgbh7GaEnolNHo=\/0x390\/smart\/http%3A%2F%2F4.bp.blogspot.com%2F-EaMBp7E4pq0%2FTo08F4L_MxI%2FAAAAAAAAAg4%2Fo9OfXBY_ySg%2Fs1600%2FMassachusetts%2BInstitute%2Bof%2BTechnology%2BLogo%2B%2525283%252529.jpg\" alt=\"cool wallpapers: Massachusetts Institute of Technology Logo\" data-src=\"https:\/\/images.ecosia.org\/Kvn9NrdpBGY9iJgbh7GaEnolNHo=\/0x390\/smart\/http%3A%2F%2F4.bp.blogspot.com%2F-EaMBp7E4pq0%2FTo08F4L_MxI%2FAAAAAAAAAg4%2Fo9OfXBY_ySg%2Fs1600%2FMassachusetts%2BInstitute%2Bof%2BTechnology%2BLogo%2B%2525283%252529.jpg\" width=\"300\" height=\"92\"><strong>Massachusetts Institute of Technology<\/strong><\/p>\n<p><a href=\"http:\/\/civicdatadesignlab.mit.edu\/\">Civic Data Design Lab<\/a><\/p>\n<p>&nbsp;<\/p>\n<p>&nbsp;<\/p>\n<p><strong><img loading=\"lazy\" decoding=\"async\" class=\"image-preview js-image-preview alignleft\" src=\"https:\/\/images.ecosia.org\/8wDfzVSAp62CEdUXquF9xsTfZfk=\/0x390\/smart\/http%3A%2F%2Fwww.berndresch.com%2Fimages%2Flogo_rsa.png\" alt=\"Bernd Resch - Personal Web Site\" data-src=\"https:\/\/images.ecosia.org\/8wDfzVSAp62CEdUXquF9xsTfZfk=\/0x390\/smart\/http%3A%2F%2Fwww.berndresch.com%2Fimages%2Flogo_rsa.png\" width=\"294\" height=\"64\">Research Studio Austria<\/strong><\/p>\n<p><a href=\"https:\/\/ispace.researchstudio.at\/\">Studio iSPACE<\/a><\/p>\n<p>&nbsp;<\/p>\n<p><img loading=\"lazy\" decoding=\"async\" class=\" wp-image-939 alignleft\" src=\"http:\/\/urban-emotions.com\/wp-content\/uploads\/2018\/10\/DFKI_Logo_d_schrift-300x62.jpg\" alt=\"\" width=\"319\" height=\"66\" srcset=\"http:\/\/urban-emotions.com\/wp-content\/uploads\/2018\/10\/DFKI_Logo_d_schrift-300x62.jpg 300w, http:\/\/urban-emotions.com\/wp-content\/uploads\/2018\/10\/DFKI_Logo_d_schrift-768x160.jpg 768w, http:\/\/urban-emotions.com\/wp-content\/uploads\/2018\/10\/DFKI_Logo_d_schrift-520x108.jpg 520w, http:\/\/urban-emotions.com\/wp-content\/uploads\/2018\/10\/DFKI_Logo_d_schrift-740x154.jpg 740w, http:\/\/urban-emotions.com\/wp-content\/uploads\/2018\/10\/DFKI_Logo_d_schrift.jpg 991w\" sizes=\"auto, (max-width: 319px) 100vw, 319px\" \/> <strong>Deutsches Forschungszentrum f\u00fcr K\u00fcnstliche Intelligenz<br \/>\n<\/strong><\/p>\n<p><a href=\"https:\/\/sds.dfki.de\/\">Smarte Daten &amp; Wissensdienste<\/a><\/p>\n<p><span style=\"border-top-left-radius: 2px; border-top-right-radius: 2px; border-bottom-right-radius: 2px; border-bottom-left-radius: 2px; text-indent: 20px; width: auto; padding: 0px 4px 0px 0px; text-align: center; font-style: normal; font-variant-caps: normal; font-weight: bold; font-size: 11px; line-height: 20px; font-family: 'Helvetica Neue', Helvetica, sans-serif; color: #ffffff; background-image: url(data:image\/svg+xml; base64,phn2zyb4bwxucz0iahr0cdovl3d3dy53my5vcmcvmjawmc9zdmciighlawdodd0imzbwecigd2lkdgg9ijmwchgiihzpzxdcb3g9ii0xic0xidmxidmxij48zz48cgf0acbkpsjnmjkundq5lde0ljy2mibdmjkundq5ldiyljcymiaymi44njgsmjkumju2ide0ljc1ldi5lji1nibdni42mzismjkumju2idaumduxldiyljcymiawlja1mswxnc42njigqzaumduxldyunjaxidyunjmyldaumdy3ide0ljc1ldaumdy3iemymi44njgsmc4wnjcgmjkundq5ldyunjaxidi5ljq0oswxnc42njiiigzpbgw9iinmzmyiihn0cm9rzt0ii2zmziigc3ryb2tllxdpzhropsixij48l3bhdgg+phbhdgggzd0itte0ljczmywxljy4nibdny41mtysms42odygms42njusny40otugms42njusmtqunjyyiemxljy2nswymc4xntkgns4xmdksmjquodu0idkuotcsmjyunzq0iem5ljg1niwyns43mtggos43ntmsmjqumtqzidewljaxniwymy4wmjigqzewlji1mywymi4wmsaxms41ndgsmtyuntcyidexlju0ocwxni41nzigqzexlju0ocwxni41nzigmteumtu3lde1ljc5nsaxms4xntcsmtqunjq2iemxms4xntcsmtiuodqyideyljixmswxms40otugmtmuntiyldexljq5nsbdmtqunjm3ldexljq5nsaxns4xnzusmtiumzi2ide1lje3nswxmy4zmjmgqze1lje3nswxnc40mzygmtqundyylde2ljegmtqumdkzlde3ljy0mybdmtmunzg1lde4ljkznsaxnc43ndusmtkuotg4ide2ljayocwxos45odggqze4ljm1mswxos45odggmjaumtm2lde3lju1niaymc4xmzysmtqumdq2iemymc4xmzysmtauotm5ide3ljg4ocw4ljc2nyaxnc42nzgsoc43njcgqzewljk1osw4ljc2nya4ljc3nywxms41mzygoc43nzcsmtqumzk4iem4ljc3nywxns41mtmgos4ymswxni43mdkgos43ndksmtcumzu5iem5ljg1niwxny40odggos44nzismtcunia5ljg0lde3ljczmsbdos43ndesmtgumtqxidkuntismtkumdizidkundc3lde5ljiwmybdos40miwxos40nca5lji4ocwxos40otegos4wncwxos4znzygqzcunda4lde4ljyymia2ljm4nywxni4yntigni4zodcsmtqumzq5iem2ljm4nywxmc4yntygos4zodmsni40otcgmtuumdiyldyundk3iemxos41ntusni40otcgmjmumdc4ldkunza1idizlja3ocwxmy45otegqzizlja3ocwxoc40njmgmjaumjm5ldiylja2miaxni4yotcsmjiumdyyiemxnc45nzmsmjiumdyyidezljcyocwyms4znzkgmtmumzayldiwlju3mibdmtmumzayldiwlju3miaxmi42ndcsmjmumdugmtiundg4ldizljy1nybdmtiumtkzldi0ljc4ncaxms4zotysmjyumtk2idewljg2mywyny4wntggqzeylja4niwyny40mzqgmtmumzg2ldi3ljyznyaxnc43mzmsmjcunjm3iemyms45nswyny42mzcgmjcuodaxldixljgyocayny44mdesmtqunjyyiemyny44mdesny40otugmjeuotusms42odygmtqunzmzldeunjg2iibmawxspsijymqwodfjij48l3bhdgg+pc9npjwvc3znpg==); background-color: #bd081c; background-size: 14px; position: absolute; opacity: 1; z-index: 8675309; display: none; cursor: pointer; border: none; -webkit-font-smoothing: antialiased; background-position: 3px 50%; background-repeat: no-repeat no-repeat;\">Merken<\/span><span style=\"border-top-left-radius: 2px; border-top-right-radius: 2px; border-bottom-right-radius: 2px; border-bottom-left-radius: 2px; text-indent: 20px; width: auto; padding: 0px 4px 0px 0px; text-align: center; font-style: normal; font-variant-caps: normal; font-weight: bold; font-size: 11px; line-height: 20px; font-family: 'Helvetica Neue', Helvetica, sans-serif; color: #ffffff; background-image: url(data:image\/svg+xml; base64,phn2zyb4bwxucz0iahr0cdovl3d3dy53my5vcmcvmjawmc9zdmciighlawdodd0imzbwecigd2lkdgg9ijmwchgiihzpzxdcb3g9ii0xic0xidmxidmxij48zz48cgf0acbkpsjnmjkundq5lde0ljy2mibdmjkundq5ldiyljcymiaymi44njgsmjkumju2ide0ljc1ldi5lji1nibdni42mzismjkumju2idaumduxldiyljcymiawlja1mswxnc42njigqzaumduxldyunjaxidyunjmyldaumdy3ide0ljc1ldaumdy3iemymi44njgsmc4wnjcgmjkundq5ldyunjaxidi5ljq0oswxnc42njiiigzpbgw9iinmzmyiihn0cm9rzt0ii2zmziigc3ryb2tllxdpzhropsixij48l3bhdgg+phbhdgggzd0itte0ljczmywxljy4nibdny41mtysms42odygms42njusny40otugms42njusmtqunjyyiemxljy2nswymc4xntkgns4xmdksmjquodu0idkuotcsmjyunzq0iem5ljg1niwyns43mtggos43ntmsmjqumtqzidewljaxniwymy4wmjigqzewlji1mywymi4wmsaxms41ndgsmtyuntcyidexlju0ocwxni41nzigqzexlju0ocwxni41nzigmteumtu3lde1ljc5nsaxms4xntcsmtqunjq2iemxms4xntcsmtiuodqyideyljixmswxms40otugmtmuntiyldexljq5nsbdmtqunjm3ldexljq5nsaxns4xnzusmtiumzi2ide1lje3nswxmy4zmjmgqze1lje3nswxnc40mzygmtqundyylde2ljegmtqumdkzlde3ljy0mybdmtmunzg1lde4ljkznsaxnc43ndusmtkuotg4ide2ljayocwxos45odggqze4ljm1mswxos45odggmjaumtm2lde3lju1niaymc4xmzysmtqumdq2iemymc4xmzysmtauotm5ide3ljg4ocw4ljc2nyaxnc42nzgsoc43njcgqzewljk1osw4ljc2nya4ljc3nywxms41mzygoc43nzcsmtqumzk4iem4ljc3nywxns41mtmgos4ymswxni43mdkgos43ndksmtcumzu5iem5ljg1niwxny40odggos44nzismtcunia5ljg0lde3ljczmsbdos43ndesmtgumtqxidkuntismtkumdizidkundc3lde5ljiwmybdos40miwxos40nca5lji4ocwxos40otegos4wncwxos4znzygqzcunda4lde4ljyymia2ljm4nywxni4yntigni4zodcsmtqumzq5iem2ljm4nywxmc4yntygos4zodmsni40otcgmtuumdiyldyundk3iemxos41ntusni40otcgmjmumdc4ldkunza1idizlja3ocwxmy45otegqzizlja3ocwxoc40njmgmjaumjm5ldiylja2miaxni4yotcsmjiumdyyiemxnc45nzmsmjiumdyyidezljcyocwyms4znzkgmtmumzayldiwlju3mibdmtmumzayldiwlju3miaxmi42ndcsmjmumdugmtiundg4ldizljy1nybdmtiumtkzldi0ljc4ncaxms4zotysmjyumtk2idewljg2mywyny4wntggqzeylja4niwyny40mzqgmtmumzg2ldi3ljyznyaxnc43mzmsmjcunjm3iemyms45nswyny42mzcgmjcuodaxldixljgyocayny44mdesmtqunjyyiemyny44mdesny40otugmjeuotusms42odygmtqunzmzldeunjg2iibmawxspsijymqwodfjij48l3bhdgg+pc9npjwvc3znpg==); background-color: #bd081c; background-size: 14px; position: absolute; opacity: 1; z-index: 8675309; display: none; cursor: pointer; border: none; -webkit-font-smoothing: antialiased; background-position: 3px 50%; background-repeat: no-repeat no-repeat;\">Merken<\/span><\/p>\n","protected":false},"excerpt":{"rendered":"<p>Karlsruher Institut f\u00fcr Technologie (KIT) Dr. Peter Zeile Institut Entwerfen von Stadt und Landschaft Fachgebiet Stadtquartiersplanung &nbsp; GIScience,&nbsp;Universit\u00e4t Heidelberg Dr.&nbsp;Bernd Resch &nbsp; &nbsp; ZGIS_Universit\u00e4t Salzburg Ass.-Prof. Dr. Bernd Resch Interfakult\u00e4rer Fachbereich f\u00fcr Geoinformatik &nbsp; &nbsp; Technische Universit\u00e4t Wien Fachbereich f\u00fcr Verkehrssystemplanung &nbsp; &nbsp; &nbsp; Harvard University Center for Geographic Analysis [&hellip;]<\/p>\n","protected":false},"author":2,"featured_media":0,"parent":0,"menu_order":2,"comment_status":"closed","ping_status":"closed","template":"","meta":{"footnotes":""},"class_list":["post-22","page","type-page","status-publish","hentry"],"_links":{"self":[{"href":"http:\/\/urban-emotions.com\/index.php?rest_route=\/wp\/v2\/pages\/22","targetHints":{"allow":["GET"]}}],"collection":[{"href":"http:\/\/urban-emotions.com\/index.php?rest_route=\/wp\/v2\/pages"}],"about":[{"href":"http:\/\/urban-emotions.com\/index.php?rest_route=\/wp\/v2\/types\/page"}],"author":[{"embeddable":true,"href":"http:\/\/urban-emotions.com\/index.php?rest_route=\/wp\/v2\/users\/2"}],"replies":[{"embeddable":true,"href":"http:\/\/urban-emotions.com\/index.php?rest_route=%2Fwp%2Fv2%2Fcomments&post=22"}],"version-history":[{"count":8,"href":"http:\/\/urban-emotions.com\/index.php?rest_route=\/wp\/v2\/pages\/22\/revisions"}],"predecessor-version":[{"id":942,"href":"http:\/\/urban-emotions.com\/index.php?rest_route=\/wp\/v2\/pages\/22\/revisions\/942"}],"wp:attachment":[{"href":"http:\/\/urban-emotions.com\/index.php?rest_route=%2Fwp%2Fv2%2Fmedia&parent=22"}],"curies":[{"name":"wp","href":"https:\/\/api.w.org\/{rel}","templated":true}]}}