{"id":497,"date":"2015-04-30T09:48:24","date_gmt":"2015-04-30T08:48:24","guid":{"rendered":"http:\/\/urban-emotions.com\/?page_id=497"},"modified":"2017-08-31T12:00:31","modified_gmt":"2017-08-31T12:00:31","slug":"literature","status":"publish","type":"page","link":"http:\/\/urban-emotions.com\/?page_id=497","title":{"rendered":"Literature"},"content":{"rendered":"<h4>Psychogeograph<\/h4>\n<p>Adamek-Schyma, B. (2008). Psychogeographie heute: Kunst, Raum, Revolution? <em>An International E-Journal for Critical Geographies, 7 (3)<\/em> S. 407-432. Leipzig: ACME.<\/p>\n<p>Andreassi, J. L. (2007). <em>Psychophysiology: Human Behavior and Physiological Response<\/em> (Bd. 5. Edition). Mahwah, New Jersey: Psychological Press, Taylor &amp; Francis Group.<\/p>\n<p>Blake, W. (1803). <em>Jerusalem.<\/em> London.<\/p>\n<p>Blumenberg, H. (1981). <em>Wirklichkeiten in denen wir leben: Aufs\u00e4tze und eine Rede.<\/em> Stuttgart: Reclam. <a href=\"http:\/\/blogs.rhrk.uni-kl.de\/urban-emotions\/wp-content\/uploads\/sites\/15\/2015\/04\/Blumenberg-1981-Wirklichkeiten-in-denen-wir-leben.pdf\">PDF<\/a><\/p>\n<p>Debord, G. (1955). <em>Introduction \u00e0 une critique de la geographie urbaine.<\/em> Paris. <a href=\"http:\/\/blogs.rhrk.uni-kl.de\/urban-emotions\/wp-content\/uploads\/sites\/15\/2015\/04\/Debord-1955-Introduction-\u00e0-une-critique-english.pdf\">PDF<\/a><\/p>\n<p>Debord G (1957). <em>Guide psychog\u00e9ographique de Paris. Discours sur les passions de l&#8217;amour.<\/em> Permild &amp; Rosengreen.<\/p>\n<p>Debord, G. (1958). <em>Internationale Situationiste #2.<\/em> Paris.<\/p>\n<h4><strong>Flaneur<\/strong><\/h4>\n<p>B\u00e4cker, I. (2008). Berlin-Bilder von Franz Hessel und Walter Benjamin. In: D. Kemper, &amp; I. B\u00e4cker, <em>Deutsch-russische Germanistik : Ergebnisse, Perspektiven und Desiderate der Zusammenarbeit<\/em> (S. 102-120). Frankfurt am Main: Stimmen der slavischen Kultur. <a href=\"http:\/\/blogs.rhrk.uni-kl.de\/urban-emotions\/wp-content\/uploads\/sites\/15\/2015\/04\/B\u00e4cker-Berlin-Bilder-von-Franz-Hessel.pdf\">PDF<\/a><\/p>\n<p>Baudelaire, C. (1863). Der Maler des Modernen Lebens. In: <em>Aufs\u00e4tze zur Literatur und Kunst 1857-1860.<\/em> Paris.<\/p>\n<p>Benjamin, W. (1980). <em>Das Kunstwerk im Zeitalter seiner technischen Reproduzierbarkeit (Dritte Fassung).<\/em> Frankfurt: Suhrkamp. <a href=\"http:\/\/blogs.rhrk.uni-kl.de\/urban-emotions\/wp-content\/uploads\/sites\/15\/2015\/04\/Benjamin-1963-Das-Kunstwerk-im-Zeitlater-seiner.pdf\">PDF<\/a><\/p>\n<p>Benjamin, W. (1991). <em>Gesammelte Schriften.<\/em> (R. Tiedermann, Hrsg.) Frankfurt: Suhrkamp.<\/p>\n<p>Benjamin, W. (1999). <em>Kritiken und Rezensionen (Literatukritische Schriften).<\/em> Frankfurt a. M.: Suhrkamp.<\/p>\n<p>Debord, G. (1956). Theory of the D\u00e9rive. Les L\u00e8vres Nues(9)\u00a0<a href=\"http:\/\/www.derive.at\/index.php?p_case=2&amp;id_cont=941&amp;issue_No=40\">http:\/\/www.derive.at\/index.php?p_case=2&amp;id_cont=941&amp;issue_No=40<\/a><\/p>\n<h4><strong>Perception<\/strong><\/h4>\n<p>Downs, R. M., &amp; Stea, D. (1974). <em>Image and Environment: cognitive mapping and spatial behaviour.<\/em> Chicago.<\/p>\n<p>Downs, R. M., &amp; Stea, D. (1982). <em>Kognitive Karten. Die Welt in unseren K\u00f6pfen.<\/em> New York: Harper &amp; Row. UTB. <a href=\"http:\/\/blogs.rhrk.uni-kl.de\/urban-emotions\/wp-content\/uploads\/sites\/15\/2015\/04\/Downs-Stea-2011-Cognitive-maps-and-spatial-behavior.pdf\">PDF<\/a><\/p>\n<p>Duncan, S., &amp; Milgram, S. (1977). <em>Architecture and Society.<\/em> Abgerufen am 13. Oktober 2014 von Example Cognitive Maps: <a href=\"http:\/\/www.acsu.buffalo.edu\/~arced\/arch&amp;society\/cogmap\/cogex.htm\">http:\/\/www.acsu.buffalo.edu\/~arced\/arch&amp;society\/cogmap\/cogex.htm<\/a><\/p>\n<p>Lynch K (1960). <em>The image of the city<\/em>. Publication of the Joint Center for Urban Studies. MIT Press, Cambridge Mass. u.a.<\/p>\n<p>Lynch, K. (1977). <em>Managing the sense of a region.<\/em> Cambridge: MIT Press.<\/p>\n<p>Schafer, R. M. (1999). <em>The Soundscape: Our Sonic Environment and the Tuning of the World.<\/em> Inner Traditions.<\/p>\n<p>Seifert, J. (2011). <em>Stadtbild, Wahrnehmung, Design: Kevin Lynch Revisited.<\/em> Basel: Birkh\u00e4user.<\/p>\n<h4>Others<\/h4>\n<p>Barthes, R. (1981). <em>Das Reich der Zeichen.<\/em> Frankfurt a.M.: Suhrkamp.<\/p>\n<p>B\u00f6hme, G. (2006). <em>Architektur und Atmosph\u00e4re.<\/em> M\u00fcnchen: Wilhelm Fink Verlag.<\/p>\n<p>B\u00f6hme, G. (2013). Syn\u00e4sthesien im Rahmen einer Ph\u00e4menologie der Wahrnehmung. <em>Wolkenkuckucksheim. Internationale Zeitschrift zur Theorie der Architektur. Heft 31<\/em>, S. 23-35. <a href=\"http:\/\/blogs.rhrk.uni-kl.de\/urban-emotions\/wp-content\/uploads\/sites\/15\/2015\/04\/B\u00f6hme-Syn\u00e4sthesien-im-Rahmen-einer-Ph\u00e4menologie.pdf\">PDF<\/a><\/p>\n<p>Brandl, A. (2013). <em>Die sinnliche Wahrnehmung von Stadtraum: St\u00e4dtebautheoretische \u00dcberlegungen. Doktorarbeit.<\/em> (ETH, Hrsg.) Z\u00fcrich. <a href=\"http:\/\/blogs.rhrk.uni-kl.de\/urban-emotions\/wp-content\/uploads\/sites\/15\/2015\/04\/Brandl-2013-Die-sinnliche-Wahrnehmung-von-Stadtraum.pdf\">PDF<\/a><\/p>\n<p>Burckhardt, L. (2006). <em>Warum ist Landschaft sch\u00f6n? &#8211; Die Spaziergangswissenschaft.<\/em> (M. S. Markus Ritter, Hrsg.) Berlin.\u00a0Abgerufen am 15. Dezember 2014\u00a0 von <a href=\"http:\/\/www.lucius-burckhardt.org\/Deutsch\/Texte\/Lucius_Burckhardt.html\">http:\/\/www.lucius-burckhardt.org\/Deutsch\/Texte\/Lucius_Burckhardt.html<\/a><\/p>\n<p>Diaconu, M. (2012). <em>Sinnesraum Stadt. Eine multisensorische Anthropologie.<\/em> Wien: LIT Verlag.<\/p>\n<p>Eckardt, F. (2013). Die Emotionaliserung der Stadt. In K. Harm, &amp; J. Aderhold, <em>Die subjektive Seite der Stadt: Neue politische Herausforderungen und die Bedeutung von Eliten im lokalen Bereich. <\/em>S. 37-58. Wiesbaden: Springer.<\/p>\n<p>Geddes, P. (1915). <em>Cities in Evolution.<\/em> London: Williams &amp; Norgate.<\/p>\n<p>Gehl, J. &amp;\u00a0Gemz\u00f8e, L. &amp;\u00a0Steenhard, K. (2000).<em> New City Spaces. <\/em>Kopenhagen: Danish Architectural Press.<\/p>\n<p>Gehl, J. (2012). <em>Leben zwischen H\u00e4usern.<\/em> Kopenhagen: jovis Verlag GmbH.<\/p>\n<p>Gehl, J. (2011). <em>Cities for people. <\/em>London: Pidgeon Audio Visual.<\/p>\n<p>Harvey, D. (2013). <em>Rebellische St\u00e4dte.<\/em> Berlin: Surkamp Verlag.<\/p>\n<p>Hessel, F. (2013). <em>S\u00e4mtliche Werke in f\u00fcnf B\u00e4nden. Prosasammlungen<\/em> (Bd. 2). Hamburg: IGEL Verlag Literatur &amp; Wissenschaft.<\/p>\n<p>Hessel, F. (2013). <em>S\u00e4mtliche Werke in f\u00fcnf B\u00e4nden. St\u00e4dte und Portraits<\/em> (Bd. 3). Hamburg: IGEL Verlag Literatur &amp; Wissenschaft.<\/p>\n<p>Hessel, F. (2013). <em>S\u00e4mtliche Werke in f\u00fcnf B\u00e4nden. Verstreute Prosa und Kritiken<\/em> (Bd. 5). Hamburg: IGEL Verlag Literatur &amp; Wissenschaft.<\/p>\n<p>Jacobs, J. (1961). <em>Tod und Leben gro\u00dfer amerikanischer St\u00e4dte.<\/em> (U. Conrads, Hrsg.) Berlin: Bertelsmann Fachverlag.<\/p>\n<p>Mitscherlich, A. (1965). <em>Die Unwirtlichkeit unserer St\u00e4dte. Anstiftung zum Unfrieden.<\/em> Frankfurt am Main: Suhrkamp.<\/p>\n","protected":false},"excerpt":{"rendered":"<p>Psychogeograph Adamek-Schyma, B. (2008). Psychogeographie heute: Kunst, Raum, Revolution? An International E-Journal for Critical Geographies, 7 (3) S. 407-432. Leipzig: ACME. Andreassi, J. L. (2007). Psychophysiology: Human Behavior and Physiological Response (Bd. 5. Edition). Mahwah, New Jersey: Psychological Press, Taylor &amp; Francis Group. Blake, W. (1803). Jerusalem. London. Blumenberg, H. [&hellip;]<\/p>\n","protected":false},"author":3,"featured_media":0,"parent":0,"menu_order":2,"comment_status":"closed","ping_status":"closed","template":"","meta":{"footnotes":""},"class_list":["post-497","page","type-page","status-publish","hentry"],"_links":{"self":[{"href":"http:\/\/urban-emotions.com\/index.php?rest_route=\/wp\/v2\/pages\/497","targetHints":{"allow":["GET"]}}],"collection":[{"href":"http:\/\/urban-emotions.com\/index.php?rest_route=\/wp\/v2\/pages"}],"about":[{"href":"http:\/\/urban-emotions.com\/index.php?rest_route=\/wp\/v2\/types\/page"}],"author":[{"embeddable":true,"href":"http:\/\/urban-emotions.com\/index.php?rest_route=\/wp\/v2\/users\/3"}],"replies":[{"embeddable":true,"href":"http:\/\/urban-emotions.com\/index.php?rest_route=%2Fwp%2Fv2%2Fcomments&post=497"}],"version-history":[{"count":1,"href":"http:\/\/urban-emotions.com\/index.php?rest_route=\/wp\/v2\/pages\/497\/revisions"}],"predecessor-version":[{"id":498,"href":"http:\/\/urban-emotions.com\/index.php?rest_route=\/wp\/v2\/pages\/497\/revisions\/498"}],"wp:attachment":[{"href":"http:\/\/urban-emotions.com\/index.php?rest_route=%2Fwp%2Fv2%2Fmedia&parent=497"}],"curies":[{"name":"wp","href":"https:\/\/api.w.org\/{rel}","templated":true}]}}