{"id":503,"date":"2015-01-20T10:22:04","date_gmt":"2015-01-20T09:22:04","guid":{"rendered":"http:\/\/urban-emotions.com\/?page_id=503"},"modified":"2017-08-31T12:04:02","modified_gmt":"2017-08-31T12:04:02","slug":"contact","status":"publish","type":"page","link":"http:\/\/urban-emotions.com\/?page_id=503","title":{"rendered":"Contact"},"content":{"rendered":"<h4><strong>Dr. Peter Zeile<\/strong><\/h4>\n<p>Karlsruher Institut f\u00fcr Technologie (KIT)<br \/>\nInstitut Entwerfen von Stadt und Landschaft<br \/>\nFachgebiet Stadtquartiersplanung<br \/>\nEmail:\u00a0peter.zeile@kit.edu<br \/>\nTelefon: +49 721 608 &#8211; 4 2181<\/p>\n<p>Web:\u00a0<a href=\"http:\/\/stqp.iesl.kit.edu\/93.php\">Fachgebiet Stadtquartiersplanung<\/a><br \/>\nWeb:\u00a0<a href=\"http:\/\/zeile.net\">zeile.net<\/a><\/p>\n<p>&nbsp;<\/p>\n<h4><strong>Dr.\u00a0Bernd Resch<\/strong><\/h4>\n<p>Fachbereich f\u00fcr Geoinformatik<br \/>\nUniversit\u00e4t Salzburg<br \/>\nSchillerstra\u00dfe 30<br \/>\n5020 Salzburg<br \/>\nEmail:\u00a0bernd.resch@sbg.ac.at<br \/>\nTelefon:\u00a0+43 (0)662 8044 7551<\/p>\n","protected":false},"excerpt":{"rendered":"<p>Dr. Peter Zeile Karlsruher Institut f\u00fcr Technologie (KIT) Institut Entwerfen von Stadt und Landschaft Fachgebiet Stadtquartiersplanung Email:\u00a0peter.zeile@kit.edu Telefon: +49 721 608 &#8211; 4 2181 Web:\u00a0Fachgebiet Stadtquartiersplanung Web:\u00a0zeile.net &nbsp; Dr.\u00a0Bernd Resch Fachbereich f\u00fcr Geoinformatik Universit\u00e4t Salzburg Schillerstra\u00dfe 30 5020 Salzburg Email:\u00a0bernd.resch@sbg.ac.at Telefon:\u00a0+43 (0)662 8044 7551<\/p>\n","protected":false},"author":3,"featured_media":0,"parent":0,"menu_order":3,"comment_status":"closed","ping_status":"closed","template":"","meta":{"footnotes":""},"class_list":["post-503","page","type-page","status-publish","hentry"],"_links":{"self":[{"href":"http:\/\/urban-emotions.com\/index.php?rest_route=\/wp\/v2\/pages\/503","targetHints":{"allow":["GET"]}}],"collection":[{"href":"http:\/\/urban-emotions.com\/index.php?rest_route=\/wp\/v2\/pages"}],"about":[{"href":"http:\/\/urban-emotions.com\/index.php?rest_route=\/wp\/v2\/types\/page"}],"author":[{"embeddable":true,"href":"http:\/\/urban-emotions.com\/index.php?rest_route=\/wp\/v2\/users\/3"}],"replies":[{"embeddable":true,"href":"http:\/\/urban-emotions.com\/index.php?rest_route=%2Fwp%2Fv2%2Fcomments&post=503"}],"version-history":[{"count":1,"href":"http:\/\/urban-emotions.com\/index.php?rest_route=\/wp\/v2\/pages\/503\/revisions"}],"predecessor-version":[{"id":504,"href":"http:\/\/urban-emotions.com\/index.php?rest_route=\/wp\/v2\/pages\/503\/revisions\/504"}],"wp:attachment":[{"href":"http:\/\/urban-emotions.com\/index.php?rest_route=%2Fwp%2Fv2%2Fmedia&parent=503"}],"curies":[{"name":"wp","href":"https:\/\/api.w.org\/{rel}","templated":true}]}}