{"id":8,"date":"2015-01-20T10:20:18","date_gmt":"2015-01-20T09:20:18","guid":{"rendered":"http:\/\/blogs.rhrk.uni-kl.de\/urban-emotions\/?page_id=8"},"modified":"2022-07-20T11:25:54","modified_gmt":"2022-07-20T11:25:54","slug":"publikationen","status":"publish","type":"page","link":"http:\/\/urban-emotions.com\/?page_id=8","title":{"rendered":"Publikationen"},"content":{"rendered":"<h4>2021<\/h4>\n<p class=\"csl-entry\">Merk, J., Eckard, J., &amp; Zeile, P. (2021). <a href=\"https:\/\/corp.at\/archive\/CORP2021_72.pdf\">Subjektiven Verkehrsstress objektiv messen &#8211; Ein EmoCycling Mixed Methods Ansatz.<\/a> In M. Schrenk, V. v Popovich, P. Zeile, P. Elisei, C. Beyer, J. Ryser, &amp; G. St\u00f6glehner (Eds.), <i>REAL CORP 2021<\/i>. CORP &#8211; Competence Center of Urban and Regional Planning. https:\/\/doi.org\/10.48494\/REALCORP2021.9072<\/p>\n<h4>2020<\/h4>\n<p class=\"csl-entry\">Teixeira, I. P., Rodrigues da Silva, A. N., Schwanen, T., Manzato, G. G., D\u00f6rrzapf, L., Zeile, P., Dekoninck, L., &amp; Botteldooren, D. (2020). <a href=\"https:\/\/www.sciencedirect.com\/science\/article\/abs\/pii\/S0966692319307185?via%3Dihub\">Does cycling infrastructure reduce stress biomarkers in commuting cyclists? A comparison of five European cities<\/a>. <i>Journal of Transport Geography<\/i>, <i>88<\/i>, 102830. https:\/\/doi.org\/10.1016\/j.jtrangeo.2020.102830<\/p>\n<h4>2019<\/h4>\n<p class=\"csl-entry\">D\u00f6rrzapf, L., Kov\u00e1cs-Gy\u0151ri, A., Resch, B., &amp; Zeile, P. (2019). <a href=\"http:\/\/www.prm-irm.com\/udi62_01_dorrzapf_et_al.html\">Defining and assessing walkability: a concept for an integrated approach using surveys, biosensors and geospatial analysis<\/a>. <i>Urban Development Issues<\/i>, <i>62<\/i>(1), 5\u201315. https:\/\/doi.org\/10.2478\/udi-2019-0008<\/p>\n<p class=\"csl-entry\">Rockenbach, I., Zeile, P., &amp; Minster, C. (2019). <a href=\"https:\/\/corp.at\/archive\/CORP2019_10.pdf\">EmoCycling \u2013 individuelles Sicherheitsempfinden von Radfahrenden in Karlsruhe.<\/a> <i>Is This the Real World?\u202f: Perfect Smart Cities vs. Real Emotional Cities\u202f: Proceedings of the 24th International Conference on Urban Planning, Regional Development and Information Society\u202f: Tagungsband\u202f: 2-4 April 2019, Karlsruhe Institute of Technology, <\/i>, 247\u2013256. https:\/\/doi.org\/10.48494\/REALCORP2019.9010<\/p>\n<p class=\"csl-entry\">Schmidkunz, M., Schroth, O., Zeile, P., &amp; Kias, U. (2019). <a href=\"https:\/\/corp.at\/archive\/CORP2019_12.pdf\">Road Safety from Cyclist\u2019s Perspective.<\/a> In M. Schrenk, V. v Popovich, P. Zeile, P. Elisei, C. Beyer, &amp; J. Ryser (Eds.), <i>REAL CORP 2019<\/i> (pp. 597\u2013604). https:\/\/doi.org\/10.48494\/REALCORP2019.3012<\/p>\n<p class=\"csl-entry\">Zeile, P., &amp; Schlosser, F. (2019). <a href=\"https:\/\/www.udg.org.uk\/publications\/journal\/urban-design-150-spring-2019\">Places of Fear<\/a>. <i>Urban Design<\/i>, <i>Issue 150<\/i>, 41\u201344. http:\/\/www.udg.org.uk\/publications\/urban-design-journal-issue\/urban-design-150-spring-2019<\/p>\n<div>\n<p class=\"csl-entry\">Zeile, P., &amp; Zelling, I. C. (2019). <a href=\"https:\/\/corp.at\/archive\/CORP2019_79.pdf\">Virtual Design and BIM in Architecture and Urban Design &#8212; Potential Benefit for Urban Emotions Initiative<\/a>. In M. Schrenk, V. v Popovich, P. Zeile, P. Elisei, C. Beyer, &amp; J. Ryser (Eds.), <i>REAL CORP 2019<\/i> (pp. 841\u2013850). https:\/\/doi.org\/doi.org\/10.48494\/REALCORP2019.3079<\/p>\n<\/div>\n<h4>2018<\/h4>\n<p>Zeile, P.; Resch, B. (2018). <a href=\"http:\/\/urban-emotions.com\/wp-content\/uploads\/2018\/10\/E03_2132_FP_Zeile.pdf\">Combining Biosensing Technology and Virtual Environments for Improved Urban Planning<\/a>. giforum 2018, 1, pp. 344\u2013357. DOI:10.1553\/giscience2018_01_s344.<\/p>\n<p>Nu\u00f1ez, J.; Teixeira, I.; Silva, A.; Zeile, P.; Dekoninck, L.; Botteldooren, D. (2018). <a href=\"http:\/\/urban-emotions.com\/wp-content\/uploads\/2018\/10\/sustainability-10-02379.pdf\">The Influence of Noise, Vibration, Cycle Paths, and Period of Day on Stress Experienced by Cyclists<\/a>. Sustainability 2018, 10, 2379. DOI:10.3390\/su10072379.<\/p>\n<p>Schlosser, F.; Zeile, P. (2018). <a href=\"https:\/\/conference.corp.at\/archive\/CORP2018_8.pdf\">Angstr\u00e4ume und Stressempfinden im urbanen Kontext<\/a>. In REAL&nbsp;CORP 2018. Proceedings\/Tagungsband; Schrenk, M., Popovich, V., Zeile, P., Elisei, P., Beyer, C., Navratil, G., Eds.; CORP \u2013 Competence Center of Urban and Regional Plan. pp. 75\u201385. Wien.<\/p>\n<p>Zeile, P.; Resch, B. (2018). <a href=\"http:\/\/urban-emotions.com\/wp-content\/uploads\/2018\/10\/Emotionen-f\u00fcr-intelligente-St\u00e4dte.pdf\">Emotionen f\u00fcr intelligente St\u00e4dte: Die Urban Emotion Initiative als Beitrag zur digitalen Partizipation.<\/a> Transforming cities: Die intelligente Stadt. pp. 49\u201353. Trialog Publishers: Baiersbronn. M\u00fcnchen.<\/p>\n<p>Roberts, H., Resch, B., Sadler, J., Chapman, L. and Petutschnig, A. (2018). <a href=\"http:\/\/urban-emotions.com\/wp-content\/uploads\/2018\/10\/UP-31-Investigating-the-Emotional-Responses-of-Individuals-to-Urban-Green-Space-Using-Twitter-Data_-A-Critical-Comparison-of-Three-Different-Methods-of-Sentiment-Analysis.pdf\">Investigating the Emotional Responses of Individuals to Urban Green Space Using Twitter Data: A Critical Comparison of Three Different Methods of Sentiment Analysis.<\/a> Urban Planning, 3(1), pp. 21-33. DOI: http:\/\/dx.doi.org\/10.17645\/up.v3i1.1231.<\/p>\n<p>Kounadi, O., &amp; Resch, B. (2018). <a href=\"http:\/\/urban-emotions.com\/wp-content\/uploads\/2018\/10\/1556264618759877.pdf\">A Geoprivacy by Design Guideline for Research Campaigns that use Participatory Sensing Data<\/a>. Journal of Empirical Research on Human Research Ethics, 13(3), pp. 203-222. DOI:10.1177\/1556264618759877.<\/p>\n<p>Kounadi, O., Resch, B., &amp; Petutschnig, A. (2018). (accepted) Privacy Threats and Protection Recommendations for the Usage of Geosocial Network Data in Research. Social Sciences.<\/p>\n<h4>2017<\/h4>\n<p>Zeile, P. (2017). <a href=\"http:\/\/urban-emotions.com\/wp-content\/uploads\/2017\/11\/ARE_forum_2_17_Zeile_d.pdf\">Feel the City &#8211; Urban Emotions<\/a>. In Bundesamt f\u00fcr Raumentwicklung, Eidgen\u00f6ssisches Departement f\u00fcr Umwelt, Verkehr, Energie und Kommunikation (Hg.): Forum Raumentwicklung 02\/2017. Bern. 2017.<\/p>\n<p>Auch in <a href=\"http:\/\/urban-emotions.com\/wp-content\/uploads\/2017\/11\/ARE_forum_2_17_Zeile_f.pdf\">Franz\u00f6sisch<\/a> und <a href=\"http:\/\/urban-emotions.com\/wp-content\/uploads\/2017\/11\/ARE_forum_2_17_Zeile_i.pdf\">Italienisch!<\/a><\/p>\n<p>Zeile, P. (2017). <a href=\"http:\/\/www.corp.at\/archive\/CORP2017_78.pdf\">Urban Emotions and Realtime Planning Methods<\/a>.&nbsp;In M. Schrenk, V. Popovich, P. Zeile, P. Elisei, &amp; C. Beyer (Eds.), <i>REAL CORP 2017<\/i>: <i>Proceedings\/Tagungsband,&nbsp;<\/i>pp. 617\u2013624. Wien.<\/p>\n<p>Zeile, P. (2017). <a href=\"https:\/\/www.google.de\/url?sa=t&amp;rct=j&amp;q=&amp;esrc=s&amp;source=web&amp;cd=1&amp;ved=0ahUKEwiQk5btu6fXAhUFWBoKHZCBCNAQFggtMAA&amp;url=https%3A%2F%2Fcontent-select.com%2Fde%2Fportal%2Fmedia%2Fdownload_extract%2F58a1b060-0958-4153-9bcb-6ec6b0dd2d03&amp;usg=AOvVaw3yb20gb71DLE8ZOc35tAbp\">Echtzeitplanung \u2013 Dynamische Systeme in der Stadtplanung<\/a>. In T. H. Kolbe, R. Bill, &amp; A. Donaubauer (Eds.), <a href=\"https:\/\/www.vde-verlag.de\/buecher\/537626\/geoinformationssysteme-2017.html\"><i>Geoinformationssysteme 2017<\/i>: <i>Beitr\u00e4ge zur 4. M\u00fcnchner GI-Runde<\/i><\/a> (1st ed., pp. 78-89). Berlin:&nbsp;Wichmann, H; Wichmann Verlag.<\/p>\n<p>Exner, J. P., &amp;&nbsp;Zeile, P. (2017). <a href=\"http:\/\/www.worldscientific.com\/doi\/pdf\/10.1142\/9789813200012_0009\">Smart Sensoring &#8211; New approaches for user driven social urban acting<\/a>. In K. Gakis &amp; P. M. Pardalos (Eds.), <i>Network design and optimization for smart cities<\/i> (pp. 219-234, Series on computers and operations research, volume 8). [Hackensack] New Jersey:&nbsp;World Scientific.<\/p>\n<h4>2016<\/h4>\n<p>Beyel, S., Wilhelm, J., Mueller, C., Zeile, P., &amp;&nbsp;Klein, U. (2016). <a href=\"http:\/\/www.corp.at\/archive\/CORP2016_42.pdf\">Stresstest st\u00e4dtischer Infrastrukturen \u2013 ein Experiment zur Wahrnehmung des Alters im \u00f6ffentlichen Raum<\/a>. In M. Schrenk, V. Popovich, P. Zeile, P. Elisei, &amp; C. Beyer (Eds.), <i>REAL CORP 2016<\/i>: <i>Proceedings\/Tagungsband,&nbsp;<\/i>pp. 689\u2013698. Wien.<\/p>\n<p>Folz, S., Broschart, D., &amp;&nbsp;Zeile, P. (2016). <a href=\"http:\/\/www.corp.at\/archive\/CORP2016_41.pdf\">Raumerfassung und Raumwahrnehmung \u2013 aktuelle Techniken und potenzielle Einsatzgebiete in der Raumplanung.<\/a> In M. Schrenk, V. Popovich, P. Zeile, P. Elisei, &amp; C. Beyer (Eds.), <i>REAL CORP 2016<\/i>: <i>Proceedings\/Tagungsband,&nbsp;<\/i>pp. 541\u2013550. Wien.<\/p>\n<p>Gro\u00df, D., &amp;&nbsp;Zeile, P. (2016). <a href=\"https:\/\/gispoint.de\/fileadmin\/user_upload\/paper_gis_open\/AGIT_2016\/537622040.pdf\">EmoCyclingConcept \u2013 Potenziale der emotionalen Stadtkartierung.<\/a> In J. Strobl, B. Zagel, G. Griesebner, &amp; T. Blaschke (Eds.), <i>AGIT<\/i>: <i>Journal f\u00fcr Angewandte Geoinformatik,&nbsp;<\/i>pp. 273\u2013278, Vol. 2. Berlin, Offenbach:&nbsp;Wichmann Verlag.<\/p>\n<p>Provo, L., Folz, S., Kopal, K. &amp; Zeile, P. (2016). <a href=\"http:\/\/www.corp.at\/archive\/CORP2016_19.pdf\">Track me if you plan \u2013 Aufzeichnung urbaner Aktivit\u00e4tsmuster mittels Smartphonetracking.<\/a>&nbsp;In M. Schrenk, V. Popovich, P. Zeile, P. Elisei, &amp; C. Beyer (Eds.), <i>REAL CORP 2016<\/i>: <i>Proceedings\/Tagungsband,&nbsp;<\/i>pp. 749\u2013758. Wien.<\/p>\n<p>Resch, B., Summa, A., Zeile, P., &amp;&nbsp;Strube, M. (2016).<a href=\"https:\/\/www.cogitatiopress.com\/urbanplanning\/article\/view\/617\/617\"> Citizen-centric Urban Planning through Extracting Emotion Information from Twitter in an Interdisciplinary Space-Time-Linguistics Algorithm. <\/a>In <i>Urban Planning,<\/i> (Vol. 1(2), pp. 114\u2013127). Lissabon:&nbsp;Cogitatio Press.<\/p>\n<p>Zeile, P., Resch, B., Loidl, M., Petutschnig, A., &amp;&nbsp;D\u00f6rrzapf, L. (2016). <a href=\"http:\/\/hw.oeaw.ac.at\/0xc1aa500e%200x0033ffa1.pdf\">Urban Emotions and Cycling Experience \u2013 enriching traffic planning for cyclists with human sensor data. <\/a>In A. Car, T. Jekel, J. Strobl, &amp; G. Griesebner (Eds.), <i>GI_Forum 2016<\/i>: <i>Journal for Geographic Information Science<\/i> (Vol. 1, pp. 204\u2013216, Vol. 1). Wien:&nbsp;Verlag der \u00d6sterreichischen Akademie der Wissenschaften.<\/p>\n<h4>2015<\/h4>\n<p>Resch, B., Sudmanns, M., Sagl, G., Summa, A., Zeile, P. and Exner, J.-P. (2015) <a href=\"http:\/\/gispoint.de\/gisopen-paper.html?tx_browser_pi1[showUid]=1686\" target=\"_blank\" rel=\"noopener\">Crowdsourcing Physiological Conditions and Subjective Emotions by Coupling Technical and Human Mobile Sensors. <\/a>GI_Forum &#8211; Journal for Geographic Information Science, 1-2015, pp. 514-524.<\/p>\n<p>Resch, B. and Blaschke, T. (2015) <a href=\"http:\/\/dl.acm.org\/citation.cfm?id=2826692\" target=\"_blank\" rel=\"noopener\">Fusing Human and Technical Sensor Data: Concepts and Challenges.<\/a> In: ACM SIGSPATIAL Newsletter, Special Issue on Geosensor Networks, 7(2), pp. 29-35.<\/p>\n<p>Exner, J. P., Broschart, D., Steffen, D., Zeile, P., Sch\u00e4chinger, H. (2015).&nbsp;<a href=\"http:\/\/cpe.arubi.uni-kl.de\/wp-content\/uploads\/2015\/05\/CORP2015_99.pdf\">SensorMapRT \u2013 a System for Real-Time Acquisition, Visualization und Analysis of Mobile Sensor Data in an Urban Context<\/a><\/p>\n<p>Zeile, P., Resch, B., Exner, J. P., &amp;&nbsp;Sagl, G.: <a href=\"http:\/\/www.berndresch.com\/download\/work\/publications\/zeile-et-al_urban-emotions_cupum2015.pdf\" target=\"_blank\" rel=\"noopener\">Urban Emotions: Benefits and Risks in Using Human Sensory Assessment for the Extraction of Contextual Emotion Information in Urban Planning<\/a>. In S. Geertman, J. Ferreira, R. Godspeed, &amp; J. Stillwell (Eds.), Planning Support Systems &amp; Smart Cities (pp. 209-225, Lecture Notes in Geoinformation and Cartography):&nbsp;Springer International Publishing.<\/p>\n<p>Resch, B., Summa, A., Sagl, G., <em>Zeile, P.<\/em>, &amp;&nbsp;Exner, J. P.: <a href=\"http:\/\/cpe.arubi.uni-kl.de\/wp-content\/uploads\/2008\/02\/Resch-et-al-2015-Urban-Emotions-Geo-semantic-Emotion-Extraction.pdf\">Urban Emotions\u2014Geo-Semantic Emotion Extraction from Technical Sensors, Human Sensors and Crowdsourced Data<\/a>. In G. Gartner &amp; H. Huang (Eds.), Progress in Location-Based Services 2014 (Lecture Notes in Geoinformation and Cartography). Berlin:&nbsp;Springer International Publishing. pp. 199-212<\/p>\n<p>Zeile, P., Resch, B., D\u00f6rrzapf, L., Exner, J. P., Sagl, G., Summa, A., et al.: <a href=\"http:\/\/programm.corp.at\/cdrom2015\/papers2015\/CORP2015_50.pdf\">Urban Emotions \u2013 Tools of Integrating People\u2019s Perception into Urban Planning<\/a>. In M. Schrenk, V. Popovich, P. Zeile, P.Elisei, &amp; C. Beyer (Eds.), REAL CORP 2015: Proceedings\/Tagungsband. Wien, Ghent:&nbsp;CORP \u2013 Competence Center of Urban and Regional Planning. pp. 907-914.<\/p>\n<p>Wilhelm, J., Broschart, D., Zeile, P.: <a href=\"http:\/\/programm.corp.at\/cdrom2015\/papers2015\/CORP2015_20.pdf\">Emovision \u2013 Potenziale von Emomapping f\u00fcr die r\u00e4umliche Planung<\/a>. In M. Schrenk, V. Popovich, P. Zeile, P., Elisei, &amp; C. Beyer (Eds.), REAL CORP 2015: Proceedings\/Tagungsband, Wien, Ghent:&nbsp;CORP \u2013 Competence Center of Urban and Regional Planning. pp. 261-270.<\/p>\n<p>D\u00f6rrzapf, L., Zeile, P., Sagl, G., Sudmanns, M., Summa, A., &amp;&nbsp;Resch, B.: <a href=\"https:\/\/www.wichmann-verlag.de\/gis-fachzeitschriften\/artikelarchiv\/2015\/366-gis-science-ausgabe-01-2015\/24826-urban-emotions-eine-interdisziplinaere-schnittstelle-zwischen-geoinformatik-und-raeumlicher-planung.html\">Urban Emotions \u2013 Eine interdisziplin\u00e4re Schnittstelle zwischen Geoinformatik und r\u00e4umlicher Planung<\/a>. GIS.Science(1), pp. 11\u201319.<\/p>\n<div class=\"page\" title=\"Page 10\">\n<div class=\"layoutArea\">\n<div class=\"column\">\n<p>Provo, L.,&nbsp;Folz, S., Zeile, P. (2015). Track me if you plan &#8211; Smartphonebasierte Untersuchung urbaner Aktivit\u00e4tsmuster. In: Vereinigung f\u00fcr Stadt-, Regional- und Landesplanung SRL e.V. (Hg.): Planerin 6\/2015. Berlin. 2015.<\/p>\n<\/div>\n<\/div>\n<\/div>\n<h4>2014<\/h4>\n<p>H\u00f6ffken, S.; Wilhelm, J.; Gro\u00df, D.; Bergner, B. S.; Zeile, P.: <a href=\"http:\/\/blogs.rhrk.uni-kl.de\/urban-emotions\/wp-content\/uploads\/sites\/15\/2015\/01\/CORP2014_79.pdf\">EmoCycling &#8211; Analysen von Radwegen mittels Humansensorik und Wearable Computing. <\/a>In: Real Corp Proceedings 2014. Wien, pp. 851\u2013860.<\/p>\n<p>Zeile, P.; Resch, B.; Exner, J.-P.; Sagl, G.; Summa, A.: Urban Emotions \u2013 Kontextuelle Emotionsinformationen f\u00fcr die R\u00e4umliche Planung auf Basis von Echtzeit- Humansensorik und Crowdsourcing-Ans\u00e4tzen. In: Josef Strobl, Thomas Blaschke, Gerald Griesebner und Bernhard Zagel (Hg.): Angewandte Geoinformaitk \u2013 Beitr\u00e4ge zum. AGIT-Symposium Salzburg. Salzburg, pp. 664\u2013669.<\/p>\n<h4>2013<\/h4>\n<p>Streich, B.; Zeile, P., H\u00f6ffken, S., Exner, J-P.: Menschen als \u201csmarte Sensoren\u201d? \u2013 Neue M\u00f6glichkeiten f\u00fcr die Stadtplanung, in Junkernheinrich, M.; Ziegler, K. (Hrsg.): R\u00e4ume im Wandel \u2013 Empirie und Politk. Springer VS Verlag. Berlin. 2013.<\/p>\n<p>Zeile, P., Exner, J.-P., Bergner, B. S., Streich, B.: Humansensorik und Kartierung von Emotionen in der r\u00e4umlichen Planung, Peer reviewed Proceedings Digital Landscape Architecture 2013. Wichmann, Berlin. pp.129-141.<\/p>\n<p>Bergner, B.; Exner, J.-P.; Memmel, M.; Raslan, R.; Taha, D.; Talal, M.; Zeile, P.: Human Sensory Assessment Linked with Geo- and Mobile-Data Processing Methods in Urban Planning Exemplified on Different Planning Cultures in Germany and Egypt, Proceedings of CUPUM Conferece 2013, Utrecht.<\/p>\n<p>Bergner, B.; Exner, J.-P.; Memmel, M.; Raslan, R.; Taha, D.; Talal, M.; Zeile, P.: <a href=\"http:\/\/blogs.rhrk.uni-kl.de\/urban-emotions\/wp-content\/uploads\/sites\/15\/2015\/01\/CORP2013_84.pdf\">The Use of Human Sensory Assessment Methods in Urban Planning &#8211; Case Studies in Germany ans Egypt, <\/a>RealCORP 2013.<\/p>\n<h4>2012<\/h4>\n<p>Exner, J.-P.; Bergner, B.; Zeile, P.; Broschart, D.: <a title=\"Humansensorik in der r\u00e4umlichen Planung. AGIT 2012.\" href=\"http:\/\/gispoint.de\/fileadmin\/user_upload\/paper_gis_open\/537520019.pdf\">Humansensorik in der r\u00e4umlichen Planung<\/a>, in: Beitr\u00e4ge zum 24. AGIT-Symposium Salzburg.<\/p>\n","protected":false},"excerpt":{"rendered":"<p>2021 Merk, J., Eckard, J., &amp; Zeile, P. (2021). Subjektiven Verkehrsstress objektiv messen &#8211; Ein EmoCycling Mixed Methods Ansatz. In M. Schrenk, V. v Popovich, P. Zeile, P. Elisei, C. Beyer, J. Ryser, &amp; G. St\u00f6glehner (Eds.), REAL CORP 2021. CORP &#8211; Competence Center of Urban and Regional Planning. https:\/\/doi.org\/10.48494\/REALCORP2021.9072 [&hellip;]<\/p>\n","protected":false},"author":2,"featured_media":0,"parent":0,"menu_order":1,"comment_status":"closed","ping_status":"closed","template":"","meta":{"footnotes":""},"class_list":["post-8","page","type-page","status-publish","hentry"],"_links":{"self":[{"href":"http:\/\/urban-emotions.com\/index.php?rest_route=\/wp\/v2\/pages\/8","targetHints":{"allow":["GET"]}}],"collection":[{"href":"http:\/\/urban-emotions.com\/index.php?rest_route=\/wp\/v2\/pages"}],"about":[{"href":"http:\/\/urban-emotions.com\/index.php?rest_route=\/wp\/v2\/types\/page"}],"author":[{"embeddable":true,"href":"http:\/\/urban-emotions.com\/index.php?rest_route=\/wp\/v2\/users\/2"}],"replies":[{"embeddable":true,"href":"http:\/\/urban-emotions.com\/index.php?rest_route=%2Fwp%2Fv2%2Fcomments&post=8"}],"version-history":[{"count":17,"href":"http:\/\/urban-emotions.com\/index.php?rest_route=\/wp\/v2\/pages\/8\/revisions"}],"predecessor-version":[{"id":1154,"href":"http:\/\/urban-emotions.com\/index.php?rest_route=\/wp\/v2\/pages\/8\/revisions\/1154"}],"wp:attachment":[{"href":"http:\/\/urban-emotions.com\/index.php?rest_route=%2Fwp%2Fv2%2Fmedia&parent=8"}],"curies":[{"name":"wp","href":"https:\/\/api.w.org\/{rel}","templated":true}]}}